{"id":902,"date":"2025-08-18T22:54:14","date_gmt":"2025-08-18T22:54:14","guid":{"rendered":"https:\/\/unicloud.com.br\/unicloudweb\/?page_id=902"},"modified":"2025-08-18T23:38:26","modified_gmt":"2025-08-18T23:38:26","slug":"base-de-conhecimento","status":"publish","type":"page","link":"https:\/\/unicloud.com.br\/unicloudweb\/base-de-conhecimento\/","title":{"rendered":"Base de Conhecimento"},"content":{"rendered":"\t\t<div data-elementor-type=\"wp-page\" data-elementor-id=\"902\" class=\"elementor elementor-902\" data-elementor-post-type=\"page\">\n\t\t\t\t<div class=\"elementor-element elementor-element-ea7e9e7 e-con-full e-flex e-con e-parent\" data-id=\"ea7e9e7\" data-element_type=\"container\" data-e-type=\"container\" data-settings=\"{&quot;background_background&quot;:&quot;classic&quot;}\">\n\t\t<div class=\"elementor-element elementor-element-9a8b2c9 e-flex e-con-boxed e-con e-child\" data-id=\"9a8b2c9\" data-element_type=\"container\" data-e-type=\"container\">\n\t\t\t\t\t<div class=\"e-con-inner\">\n\t\t<div class=\"elementor-element elementor-element-eb09ab3 e-con-full e-flex e-con e-child\" data-id=\"eb09ab3\" data-element_type=\"container\" data-e-type=\"container\">\n\t\t\t\t<div class=\"elementor-element elementor-element-56e67ce elementor-widget elementor-widget-image\" data-id=\"56e67ce\" data-element_type=\"widget\" data-e-type=\"widget\" data-widget_type=\"image.default\">\n\t\t\t\t\t\t\t\t\t\t\t\t\t\t\t\t<a href=\"https:\/\/unicloud.com.br\/unicloudweb\">\n\t\t\t\t\t\t\t<img fetchpriority=\"high\" decoding=\"async\" width=\"800\" height=\"172\" src=\"https:\/\/unicloud.com.br\/unicloudweb\/wp-content\/uploads\/2025\/08\/logo-black-unicloud.com_.br_-1024x220.png\" class=\"attachment-large size-large wp-image-165\" alt=\"\" srcset=\"https:\/\/unicloud.com.br\/unicloudweb\/wp-content\/uploads\/2025\/08\/logo-black-unicloud.com_.br_-1024x220.png 1024w, https:\/\/unicloud.com.br\/unicloudweb\/wp-content\/uploads\/2025\/08\/logo-black-unicloud.com_.br_-300x65.png 300w, https:\/\/unicloud.com.br\/unicloudweb\/wp-content\/uploads\/2025\/08\/logo-black-unicloud.com_.br_-768x165.png 768w, https:\/\/unicloud.com.br\/unicloudweb\/wp-content\/uploads\/2025\/08\/logo-black-unicloud.com_.br_-1536x330.png 1536w, https:\/\/unicloud.com.br\/unicloudweb\/wp-content\/uploads\/2025\/08\/logo-black-unicloud.com_.br_-2048x440.png 2048w\" sizes=\"(max-width: 800px) 100vw, 800px\" \/>\t\t\t\t\t\t\t\t<\/a>\n\t\t\t\t\t\t\t\t\t\t\t\t\t\t\t<\/div>\n\t\t\t\t<\/div>\n\t\t<div class=\"elementor-element elementor-element-9f413d4 e-con-full e-flex e-con e-child\" data-id=\"9f413d4\" data-element_type=\"container\" data-e-type=\"container\">\n\t\t\t\t<div class=\"elementor-element elementor-element-bd147e9 elementor-align-center elementor-widget__width-auto elementor-widget elementor-widget-button\" data-id=\"bd147e9\" data-element_type=\"widget\" data-e-type=\"widget\" data-widget_type=\"button.default\">\n\t\t\t\t\t\t\t\t\t\t<a class=\"elementor-button elementor-button-link elementor-size-sm\" href=\"#\">\n\t\t\t\t\t\t<span class=\"elementor-button-content-wrapper\">\n\t\t\t\t\t\t\t\t\t<span class=\"elementor-button-text\">Login - Painel de Hospedagem<\/span>\n\t\t\t\t\t<\/span>\n\t\t\t\t\t<\/a>\n\t\t\t\t\t\t\t\t<\/div>\n\t\t\t\t<\/div>\n\t\t\t\t\t<\/div>\n\t\t\t\t<\/div>\n\t\t<div class=\"elementor-element elementor-element-4bb5ffa e-con-full e-flex e-con e-child\" data-id=\"4bb5ffa\" data-element_type=\"container\" data-e-type=\"container\">\n\t\t\t\t<div class=\"elementor-element elementor-element-cbe7323 elementor-widget elementor-widget-heading\" data-id=\"cbe7323\" data-element_type=\"widget\" data-e-type=\"widget\" data-widget_type=\"heading.default\">\n\t\t\t\t\t<h2 class=\"elementor-heading-title elementor-size-default\">Conhe\u00e7a nossa base de suporte e solu\u00e7\u00f5es<\/h2>\t\t\t\t<\/div>\n\t\t\t\t<div class=\"elementor-element elementor-element-578484d elementor-align-center elementor-widget__width-auto elementor-widget elementor-widget-button\" data-id=\"578484d\" data-element_type=\"widget\" data-e-type=\"widget\" data-widget_type=\"button.default\">\n\t\t\t\t\t\t\t\t\t\t<a class=\"elementor-button elementor-button-link elementor-size-sm\" href=\"#\">\n\t\t\t\t\t\t<span class=\"elementor-button-content-wrapper\">\n\t\t\t\t\t\t<span class=\"elementor-button-icon\">\n\t\t\t\t<svg xmlns=\"http:\/\/www.w3.org\/2000\/svg\" class=\"\" width=\"21\" height=\"22\" viewBox=\"0 0 21 22\" fill=\"none\"><path id=\"Vector\" d=\"M2.09705 12.1308C2.48497 13.0436 3.04889 13.8711 3.7566 14.5659C4.46431 15.2608 5.30196 15.8094 6.22171 16.1806C7.14146 16.5517 8.12531 16.7381 9.11708 16.729C10.1088 16.7199 11.0891 16.5156 12.0019 16.1276C12.9147 15.7397 13.7422 15.1758 14.437 14.4681C15.1319 13.7603 15.6805 12.9227 16.0517 12.003C16.4228 11.0832 16.6092 10.0993 16.6001 9.10758C16.591 8.11581 16.3866 7.13555 15.9987 6.22275C15.6108 5.30995 15.0469 4.4825 14.3391 3.78764C13.6314 3.09278 12.7938 2.54411 11.874 2.17297C10.9543 1.80184 9.97043 1.61549 8.97866 1.62458C7.9869 1.63366 7.00663 1.83801 6.09383 2.22594C5.18103 2.61386 4.35358 3.17778 3.65872 3.8855C2.96386 4.59321 2.4152 5.43086 2.04407 6.35061C1.67293 7.27036 1.48659 8.25421 1.49568 9.24598C1.50477 10.2377 1.70911 11.218 2.09705 12.1308Z\" stroke=\"currentcolor\" stroke-width=\"1.5\" stroke-linecap=\"round\" stroke-linejoin=\"round\"><\/path><path id=\"Vector_2\" d=\"M14.3879 14.5167L20.2454 20.375\" stroke=\"currentcolor\" stroke-width=\"1.5\" stroke-linecap=\"round\" stroke-linejoin=\"round\"><\/path><\/svg>\t\t\t<\/span>\n\t\t\t\t\t\t\t\t\t<span class=\"elementor-button-text\">Procurar<\/span>\n\t\t\t\t\t<\/span>\n\t\t\t\t\t<\/a>\n\t\t\t\t\t\t\t\t<\/div>\n\t\t\t\t<\/div>\n\t\t<div class=\"elementor-element elementor-element-60d3ee5 e-con-full e-flex e-con e-child\" data-id=\"60d3ee5\" data-element_type=\"container\" data-e-type=\"container\">\n\t\t\t\t<\/div>\n\t\t<div class=\"elementor-element elementor-element-71f6c2f e-flex e-con-boxed e-con e-child\" data-id=\"71f6c2f\" data-element_type=\"container\" data-e-type=\"container\">\n\t\t\t\t\t<div class=\"e-con-inner\">\n\t\t<div class=\"elementor-element elementor-element-4713a71 e-con-full e-flex e-con e-child\" data-id=\"4713a71\" data-element_type=\"container\" data-e-type=\"container\">\n\t\t\t\t<div class=\"elementor-element elementor-element-17c4a65 elementor-align-center elementor-widget__width-auto elementor-widget elementor-widget-button\" data-id=\"17c4a65\" data-element_type=\"widget\" data-e-type=\"widget\" data-widget_type=\"button.default\">\n\t\t\t\t\t\t\t\t\t\t<a class=\"elementor-button elementor-button-link elementor-size-sm\" href=\"#\">\n\t\t\t\t\t\t<span class=\"elementor-button-content-wrapper\">\n\t\t\t\t\t\t<span class=\"elementor-button-icon\">\n\t\t\t\t<svg aria-hidden=\"true\" class=\"e-font-icon-svg e-far-bookmark\" viewBox=\"0 0 384 512\" xmlns=\"http:\/\/www.w3.org\/2000\/svg\"><path d=\"M336 0H48C21.49 0 0 21.49 0 48v464l192-112 192 112V48c0-26.51-21.49-48-48-48zm0 428.43l-144-84-144 84V54a6 6 0 0 1 6-6h276c3.314 0 6 2.683 6 5.996V428.43z\"><\/path><\/svg>\t\t\t<\/span>\n\t\t\t\t\t\t\t\t\t<span class=\"elementor-button-text\">Home<\/span>\n\t\t\t\t\t<\/span>\n\t\t\t\t\t<\/a>\n\t\t\t\t\t\t\t\t<\/div>\n\t\t\t\t<div class=\"elementor-element elementor-element-9b00bc6 elementor-align-center elementor-widget__width-auto elementor-widget elementor-widget-button\" data-id=\"9b00bc6\" data-element_type=\"widget\" data-e-type=\"widget\" data-widget_type=\"button.default\">\n\t\t\t\t\t\t\t\t\t\t<a class=\"elementor-button elementor-button-link elementor-size-sm\" href=\"#\">\n\t\t\t\t\t\t<span class=\"elementor-button-content-wrapper\">\n\t\t\t\t\t\t<span class=\"elementor-button-icon\">\n\t\t\t\t<svg aria-hidden=\"true\" class=\"e-font-icon-svg e-fab-wpforms\" viewBox=\"0 0 448 512\" xmlns=\"http:\/\/www.w3.org\/2000\/svg\"><path d=\"M448 75.2v361.7c0 24.3-19 43.2-43.2 43.2H43.2C19.3 480 0 461.4 0 436.8V75.2C0 51.1 18.8 32 43.2 32h361.7c24 0 43.1 18.8 43.1 43.2zm-37.3 361.6V75.2c0-3-2.6-5.8-5.8-5.8h-9.3L285.3 144 224 94.1 162.8 144 52.5 69.3h-9.3c-3.2 0-5.8 2.8-5.8 5.8v361.7c0 3 2.6 5.8 5.8 5.8h361.7c3.2.1 5.8-2.7 5.8-5.8zM150.2 186v37H76.7v-37h73.5zm0 74.4v37.3H76.7v-37.3h73.5zm11.1-147.3l54-43.7H96.8l64.5 43.7zm210 72.9v37h-196v-37h196zm0 74.4v37.3h-196v-37.3h196zm-84.6-147.3l64.5-43.7H232.8l53.9 43.7zM371.3 335v37.3h-99.4V335h99.4z\"><\/path><\/svg>\t\t\t<\/span>\n\t\t\t\t\t\t\t\t\t<span class=\"elementor-button-text\">Base de conhecimento<\/span>\n\t\t\t\t\t<\/span>\n\t\t\t\t\t<\/a>\n\t\t\t\t\t\t\t\t<\/div>\n\t\t\t\t<\/div>\n\t\t\t\t\t<\/div>\n\t\t\t\t<\/div>\n\t\t\t\t<\/div>\n\t\t\t\t<\/div>\n\t\t","protected":false},"excerpt":{"rendered":"<p>Login &#8211; Painel de Hospedagem Conhe\u00e7a nossa base de suporte e solu\u00e7\u00f5es Procurar Home Base de conhecimento<\/p>\n","protected":false},"author":1,"featured_media":0,"parent":0,"menu_order":0,"comment_status":"closed","ping_status":"closed","template":"elementor_canvas","meta":{"inline_featured_image":false,"footnotes":""},"class_list":["post-902","page","type-page","status-publish","hentry"],"_links":{"self":[{"href":"https:\/\/unicloud.com.br\/unicloudweb\/wp-json\/wp\/v2\/pages\/902","targetHints":{"allow":["GET"]}}],"collection":[{"href":"https:\/\/unicloud.com.br\/unicloudweb\/wp-json\/wp\/v2\/pages"}],"about":[{"href":"https:\/\/unicloud.com.br\/unicloudweb\/wp-json\/wp\/v2\/types\/page"}],"author":[{"embeddable":true,"href":"https:\/\/unicloud.com.br\/unicloudweb\/wp-json\/wp\/v2\/users\/1"}],"replies":[{"embeddable":true,"href":"https:\/\/unicloud.com.br\/unicloudweb\/wp-json\/wp\/v2\/comments?post=902"}],"version-history":[{"count":19,"href":"https:\/\/unicloud.com.br\/unicloudweb\/wp-json\/wp\/v2\/pages\/902\/revisions"}],"predecessor-version":[{"id":926,"href":"https:\/\/unicloud.com.br\/unicloudweb\/wp-json\/wp\/v2\/pages\/902\/revisions\/926"}],"wp:attachment":[{"href":"https:\/\/unicloud.com.br\/unicloudweb\/wp-json\/wp\/v2\/media?parent=902"}],"curies":[{"name":"wp","href":"https:\/\/api.w.org\/{rel}","templated":true}]}}